{"id":6180,"date":"2025-02-27T17:18:16","date_gmt":"2025-02-27T15:18:16","guid":{"rendered":"https:\/\/ukrecoalliance.com.ua\/informationspartnerschaft\/"},"modified":"2025-07-25T17:01:11","modified_gmt":"2025-07-25T14:01:11","slug":"informationspartnerschaft","status":"publish","type":"page","link":"https:\/\/ukrecoalliance.com.ua\/de\/informationspartnerschaft\/","title":{"rendered":"Informationspartnerschaft"},"content":{"rendered":"<p><div class=\"fusion-fullwidth fullwidth-box fusion-builder-row-1 fusion-flex-container has-pattern-background has-mask-background nonhundred-percent-fullwidth non-hundred-percent-height-scrolling\" style=\"--awb-border-radius-top-left:0px;--awb-border-radius-top-right:0px;--awb-border-radius-bottom-right:0px;--awb-border-radius-bottom-left:0px;--awb-flex-wrap:wrap;\" ><div class=\"fusion-builder-row fusion-row fusion-flex-align-items-flex-start fusion-flex-content-wrap\" style=\"max-width:1248px;margin-left: calc(-4% \/ 2 );margin-right: calc(-4% \/ 2 );\"><div class=\"fusion-layout-column fusion_builder_column fusion-builder-column-0 fusion_builder_column_3_4 3_4 fusion-flex-column\" style=\"--awb-padding-top:60px;--awb-padding-bottom:60px;--awb-bg-size:cover;--awb-width-large:75%;--awb-margin-top-large:0px;--awb-spacing-right-large:2.56%;--awb-margin-bottom-large:0px;--awb-spacing-left-large:2.56%;--awb-width-medium:75%;--awb-spacing-right-medium:2.56%;--awb-spacing-left-medium:2.56%;--awb-width-small:100%;--awb-spacing-right-small:1.92%;--awb-spacing-left-small:1.92%;\"><div class=\"fusion-column-wrapper fusion-flex-justify-content-flex-start fusion-content-layout-column\"><div class=\"fusion-title title fusion-title-1 fusion-sep-none fusion-title-text fusion-title-size-five fusion-animated\" style=\"--awb-text-color:#00a883;--awb-margin-top:10px;--awb-margin-bottom:5px;--awb-font-size:20px;\" data-animationType=\"fadeIn\" data-animationDuration=\"1.3\" data-animationOffset=\"top-into-view\"><h5 class=\"fusion-title-heading title-heading-left\" style=\"font-family:&quot;Inter&quot;;font-style:normal;font-weight:600;margin:0;font-size:1em;letter-spacing:-1px;text-transform:none;line-height:1.2;\">Wir sch\u00e4tzen die erfolgreiche Zusammenarbeit<\/h5><\/div><div class=\"fusion-title title fusion-title-2 fusion-sep-none fusion-title-text fusion-title-size-one fusion-animated\" style=\"--awb-text-color:#0b0c11;--awb-margin-top:10px;--awb-margin-bottom:60px;--awb-margin-bottom-small:60px;--awb-font-size:58px;\" data-animationType=\"fadeIn\" data-animationDuration=\"1.3\" data-animationOffset=\"top-into-view\"><h1 class=\"fusion-title-heading title-heading-left\" style=\"font-family:&quot;Inter&quot;;font-style:normal;font-weight:600;margin:0;font-size:1em;letter-spacing:-1px;text-transform:var(--awb-typography1-text-transform);line-height:1.2;\">PARTNERSCHAFT<\/h1><\/div><\/div><\/div><div class=\"fusion-layout-column fusion_builder_column fusion-builder-column-1 fusion_builder_column_1_1 1_1 fusion-flex-column\" style=\"--awb-bg-size:cover;--awb-width-large:100%;--awb-spacing-right-large:1.92%;--awb-margin-bottom-large:0px;--awb-spacing-left-large:1.92%;--awb-width-medium:100%;--awb-order-medium:0;--awb-spacing-right-medium:1.92%;--awb-spacing-left-medium:1.92%;--awb-width-small:100%;--awb-order-small:0;--awb-spacing-right-small:1.92%;--awb-spacing-left-small:1.92%;\"><div class=\"fusion-column-wrapper fusion-column-has-shadow fusion-flex-justify-content-flex-start fusion-content-layout-column\"><div class=\"fusion-text fusion-text-1\"><p>Die Vereinigung \u201eUKRECOALLIANCE\u201c ist offen f\u00fcr Partnerschaften mit Organisationen, die unsere Werte teilen und unsere Mission unterst\u00fctzen. Wenn Sie Kooperationsvorschl\u00e4ge haben, interessante Ideen im Bereich umweltfreundlicher L\u00f6sungen, Umweltschutz oder Energieeffizienz teilen m\u00f6chten oder unsere fachliche Unterst\u00fctzung ben\u00f6tigen \u2013 kontaktieren Sie uns und werden Sie unser Partner.<br \/>\nGemeinsam erreichen wir mehr!<\/p>\n<\/div><\/div><\/div><\/div><\/div><div class=\"fusion-fullwidth fullwidth-box fusion-builder-row-2 fusion-flex-container has-pattern-background has-mask-background nonhundred-percent-fullwidth non-hundred-percent-height-scrolling\" style=\"--awb-background-position:left top;--awb-background-repeat:repeat-y;--awb-border-color:var(--awb-custom_color_1);--awb-border-radius-top-left:0px;--awb-border-radius-top-right:0px;--awb-border-radius-bottom-right:0px;--awb-border-radius-bottom-left:0px;--awb-padding-top:100px;--awb-padding-bottom:60px;--awb-flex-wrap:wrap;\" ><div class=\"fusion-builder-row fusion-row fusion-flex-align-items-flex-start fusion-flex-content-wrap\" style=\"max-width:1248px;margin-left: calc(-4% \/ 2 );margin-right: calc(-4% \/ 2 );\"><div class=\"fusion-layout-column fusion_builder_column fusion-builder-column-2 fusion_builder_column_1_1 1_1 fusion-flex-column\" style=\"--awb-bg-size:cover;--awb-width-large:100%;--awb-spacing-right-large:1.92%;--awb-margin-bottom-large:0px;--awb-spacing-left-large:1.92%;--awb-width-medium:100%;--awb-order-medium:0;--awb-spacing-right-medium:1.92%;--awb-spacing-left-medium:1.92%;--awb-width-small:100%;--awb-order-small:0;--awb-spacing-right-small:1.92%;--awb-spacing-left-small:1.92%;\"><div class=\"fusion-column-wrapper fusion-column-has-shadow fusion-flex-justify-content-flex-start fusion-content-layout-column\"><div class=\"fusion-title title fusion-title-3 fusion-sep-none fusion-title-text fusion-title-size-two\"><h2 class=\"fusion-title-heading title-heading-left\" style=\"margin:0;text-transform:var(--awb-typography1-text-transform);\">Informationspartner<\/h2><\/div><\/div><\/div><\/div><\/div><div class=\"fusion-fullwidth fullwidth-box fusion-builder-row-3 fusion-flex-container has-pattern-background has-mask-background nonhundred-percent-fullwidth non-hundred-percent-height-scrolling\" style=\"--awb-border-radius-top-left:0px;--awb-border-radius-top-right:0px;--awb-border-radius-bottom-right:0px;--awb-border-radius-bottom-left:0px;--awb-flex-wrap:wrap;\" ><div class=\"fusion-builder-row fusion-row fusion-flex-align-items-flex-start fusion-flex-content-wrap\" style=\"max-width:1248px;margin-left: calc(-4% \/ 2 );margin-right: calc(-4% \/ 2 );\"><div class=\"fusion-layout-column fusion_builder_column fusion-builder-column-3 fusion_builder_column_1_1 1_1 fusion-flex-column\" style=\"--awb-bg-size:cover;--awb-width-large:100%;--awb-spacing-right-large:1.92%;--awb-margin-bottom-large:0px;--awb-spacing-left-large:1.92%;--awb-width-medium:100%;--awb-order-medium:0;--awb-spacing-right-medium:1.92%;--awb-spacing-left-medium:1.92%;--awb-width-small:100%;--awb-order-small:0;--awb-spacing-right-small:1.92%;--awb-spacing-left-small:1.92%;\"><div class=\"fusion-column-wrapper fusion-column-has-shadow fusion-flex-justify-content-flex-start fusion-content-layout-column\"><div class=\"fusion-builder-row fusion-builder-row-inner fusion-row fusion-flex-align-items-flex-start fusion-flex-content-wrap\" style=\"width:104% !important;max-width:104% !important;margin-left: calc(-4% \/ 2 );margin-right: calc(-4% \/ 2 );\"><div class=\"fusion-layout-column fusion_builder_column_inner fusion-builder-nested-column-0 fusion_builder_column_inner_1_3 1_3 fusion-flex-column\" style=\"--awb-bg-size:cover;--awb-width-large:33.333333333333%;--awb-spacing-right-large:5.76%;--awb-margin-bottom-large:0px;--awb-spacing-left-large:5.76%;--awb-width-medium:33.333333333333%;--awb-order-medium:0;--awb-spacing-right-medium:5.76%;--awb-spacing-left-medium:5.76%;--awb-width-small:100%;--awb-order-small:0;--awb-spacing-right-small:1.92%;--awb-spacing-left-small:1.92%;\"><div class=\"fusion-column-wrapper fusion-column-has-shadow fusion-flex-justify-content-flex-start fusion-content-layout-column\"><div class=\"fusion-image-element \" style=\"--awb-caption-title-font-family:var(--h2_typography-font-family);--awb-caption-title-font-weight:var(--h2_typography-font-weight);--awb-caption-title-font-style:var(--h2_typography-font-style);--awb-caption-title-size:var(--h2_typography-font-size);--awb-caption-title-transform:var(--h2_typography-text-transform);--awb-caption-title-line-height:var(--h2_typography-line-height);--awb-caption-title-letter-spacing:var(--h2_typography-letter-spacing);\"><span class=\" fusion-imageframe imageframe-none imageframe-1 hover-type-none\" style=\"border:1px solid var(--awb-color3);\"><a class=\"fusion-no-lightbox\" href=\"https:\/\/unb.key-expo.com\/international-en-25\/?utm_source=referral_banner&amp;utm_medium=banner&amp;utm_campaign=Ukrecoalliance\" target=\"_blank\" aria-label=\"keyexpo\" rel=\"noopener noreferrer\"><img decoding=\"async\" width=\"368\" height=\"150\" src=\"https:\/\/ukrecoalliance.com.ua\/wp-content\/uploads\/2025\/04\/keyexpo.png\" data-orig-src=\"https:\/\/ukrecoalliance.com.ua\/wp-content\/uploads\/2025\/04\/keyexpo.png\" alt class=\"lazyload img-responsive wp-image-6189\" srcset=\"data:image\/svg+xml,%3Csvg%20xmlns%3D%27http%3A%2F%2Fwww.w3.org%2F2000%2Fsvg%27%20width%3D%27368%27%20height%3D%27150%27%20viewBox%3D%270%200%20368%20150%27%3E%3Crect%20width%3D%27368%27%20height%3D%27150%27%20fill-opacity%3D%220%22%2F%3E%3C%2Fsvg%3E\" data-srcset=\"https:\/\/ukrecoalliance.com.ua\/wp-content\/uploads\/2025\/04\/keyexpo-200x82.png 200w, https:\/\/ukrecoalliance.com.ua\/wp-content\/uploads\/2025\/04\/keyexpo.png 368w\" data-sizes=\"auto\" data-orig-sizes=\"(max-width: 800px) 100vw, 368px\" \/><\/a><\/span><\/div><\/div><\/div><div class=\"fusion-layout-column fusion_builder_column_inner fusion-builder-nested-column-1 fusion_builder_column_inner_1_3 1_3 fusion-flex-column\" style=\"--awb-bg-size:cover;--awb-width-large:33.333333333333%;--awb-spacing-right-large:5.76%;--awb-margin-bottom-large:0px;--awb-spacing-left-large:5.76%;--awb-width-medium:33.333333333333%;--awb-order-medium:0;--awb-spacing-right-medium:5.76%;--awb-spacing-left-medium:5.76%;--awb-width-small:100%;--awb-order-small:0;--awb-spacing-right-small:1.92%;--awb-spacing-left-small:1.92%;\"><div class=\"fusion-column-wrapper fusion-column-has-shadow fusion-flex-justify-content-flex-start fusion-content-layout-column\"><div class=\"fusion-image-element \" style=\"--awb-caption-title-font-family:var(--h2_typography-font-family);--awb-caption-title-font-weight:var(--h2_typography-font-weight);--awb-caption-title-font-style:var(--h2_typography-font-style);--awb-caption-title-size:var(--h2_typography-font-size);--awb-caption-title-transform:var(--h2_typography-text-transform);--awb-caption-title-line-height:var(--h2_typography-line-height);--awb-caption-title-letter-spacing:var(--h2_typography-letter-spacing);\"><span class=\" fusion-imageframe imageframe-none imageframe-2 hover-type-none\" style=\"border:1px solid var(--awb-color3);\"><a class=\"fusion-no-lightbox\" href=\"https:\/\/en.ecomondo.com\/\" target=\"_blank\" aria-label=\"BANNER_E25-950&#215;250\" rel=\"noopener noreferrer\"><img decoding=\"async\" width=\"950\" height=\"250\" src=\"https:\/\/ukrecoalliance.com.ua\/wp-content\/uploads\/2025\/07\/BANNER_E25-950x250-1.png\" data-orig-src=\"https:\/\/ukrecoalliance.com.ua\/wp-content\/uploads\/2025\/07\/BANNER_E25-950x250-1.png\" alt class=\"lazyload img-responsive wp-image-6246\" srcset=\"data:image\/svg+xml,%3Csvg%20xmlns%3D%27http%3A%2F%2Fwww.w3.org%2F2000%2Fsvg%27%20width%3D%27950%27%20height%3D%27250%27%20viewBox%3D%270%200%20950%20250%27%3E%3Crect%20width%3D%27950%27%20height%3D%27250%27%20fill-opacity%3D%220%22%2F%3E%3C%2Fsvg%3E\" data-srcset=\"https:\/\/ukrecoalliance.com.ua\/wp-content\/uploads\/2025\/07\/BANNER_E25-950x250-1-200x53.png 200w, https:\/\/ukrecoalliance.com.ua\/wp-content\/uploads\/2025\/07\/BANNER_E25-950x250-1-400x105.png 400w, https:\/\/ukrecoalliance.com.ua\/wp-content\/uploads\/2025\/07\/BANNER_E25-950x250-1-600x158.png 600w, https:\/\/ukrecoalliance.com.ua\/wp-content\/uploads\/2025\/07\/BANNER_E25-950x250-1-800x211.png 800w, https:\/\/ukrecoalliance.com.ua\/wp-content\/uploads\/2025\/07\/BANNER_E25-950x250-1.png 950w\" data-sizes=\"auto\" data-orig-sizes=\"(max-width: 800px) 100vw, 400px\" \/><\/a><\/span><\/div><\/div><\/div><div class=\"fusion-layout-column fusion_builder_column_inner fusion-builder-nested-column-2 fusion_builder_column_inner_1_3 1_3 fusion-flex-column\" style=\"--awb-bg-size:cover;--awb-width-large:33.333333333333%;--awb-spacing-right-large:5.76%;--awb-margin-bottom-large:0px;--awb-spacing-left-large:5.76%;--awb-width-medium:33.333333333333%;--awb-order-medium:0;--awb-spacing-right-medium:5.76%;--awb-spacing-left-medium:5.76%;--awb-width-small:100%;--awb-order-small:0;--awb-spacing-right-small:1.92%;--awb-spacing-left-small:1.92%;\"><div class=\"fusion-column-wrapper fusion-column-has-shadow fusion-flex-justify-content-flex-start fusion-content-layout-column\"><div class=\"fusion-image-element \" style=\"--awb-caption-title-font-family:var(--h2_typography-font-family);--awb-caption-title-font-weight:var(--h2_typography-font-weight);--awb-caption-title-font-style:var(--h2_typography-font-style);--awb-caption-title-size:var(--h2_typography-font-size);--awb-caption-title-transform:var(--h2_typography-text-transform);--awb-caption-title-line-height:var(--h2_typography-line-height);--awb-caption-title-letter-spacing:var(--h2_typography-letter-spacing);\"><span class=\" fusion-imageframe imageframe-none imageframe-3 hover-type-none\" style=\"border:1px solid var(--awb-color3);\"><a class=\"fusion-no-lightbox\" href=\"https:\/\/livingplanet.org.ua\/\" target=\"_blank\" aria-label=\"jiva_planeta\" rel=\"noopener noreferrer\"><img decoding=\"async\" width=\"368\" height=\"150\" src=\"https:\/\/ukrecoalliance.com.ua\/wp-content\/uploads\/2025\/04\/jiva_planeta.png\" data-orig-src=\"https:\/\/ukrecoalliance.com.ua\/wp-content\/uploads\/2025\/04\/jiva_planeta.png\" alt class=\"lazyload img-responsive wp-image-6191\" srcset=\"data:image\/svg+xml,%3Csvg%20xmlns%3D%27http%3A%2F%2Fwww.w3.org%2F2000%2Fsvg%27%20width%3D%27368%27%20height%3D%27150%27%20viewBox%3D%270%200%20368%20150%27%3E%3Crect%20width%3D%27368%27%20height%3D%27150%27%20fill-opacity%3D%220%22%2F%3E%3C%2Fsvg%3E\" data-srcset=\"https:\/\/ukrecoalliance.com.ua\/wp-content\/uploads\/2025\/04\/jiva_planeta-200x82.png 200w, https:\/\/ukrecoalliance.com.ua\/wp-content\/uploads\/2025\/04\/jiva_planeta.png 368w\" data-sizes=\"auto\" data-orig-sizes=\"(max-width: 800px) 100vw, 368px\" \/><\/a><\/span><\/div><\/div><\/div><\/div><div class=\"fusion-builder-row fusion-builder-row-inner fusion-row fusion-flex-align-items-flex-start fusion-flex-content-wrap\" style=\"width:104% !important;max-width:104% !important;margin-left: calc(-4% \/ 2 );margin-right: calc(-4% \/ 2 );\"><div class=\"fusion-layout-column fusion_builder_column_inner fusion-builder-nested-column-3 fusion_builder_column_inner_1_3 1_3 fusion-flex-column\" style=\"--awb-bg-size:cover;--awb-width-large:33.333333333333%;--awb-margin-top-large:50px;--awb-spacing-right-large:5.76%;--awb-margin-bottom-large:0px;--awb-spacing-left-large:5.76%;--awb-width-medium:33.333333333333%;--awb-order-medium:0;--awb-spacing-right-medium:5.76%;--awb-spacing-left-medium:5.76%;--awb-width-small:100%;--awb-order-small:0;--awb-spacing-right-small:1.92%;--awb-spacing-left-small:1.92%;\" data-scroll-devices=\"small-visibility,medium-visibility,large-visibility\"><div class=\"fusion-column-wrapper fusion-column-has-shadow fusion-flex-justify-content-flex-start fusion-content-layout-column\"><div class=\"fusion-image-element \" style=\"--awb-caption-title-font-family:var(--h2_typography-font-family);--awb-caption-title-font-weight:var(--h2_typography-font-weight);--awb-caption-title-font-style:var(--h2_typography-font-style);--awb-caption-title-size:var(--h2_typography-font-size);--awb-caption-title-transform:var(--h2_typography-text-transform);--awb-caption-title-line-height:var(--h2_typography-line-height);--awb-caption-title-letter-spacing:var(--h2_typography-letter-spacing);\"><span class=\" fusion-imageframe imageframe-none imageframe-4 hover-type-none\" style=\"border:1px solid var(--awb-color3);\"><a class=\"fusion-no-lightbox\" href=\"https:\/\/www.facebook.com\/ISWAYPGUkraine\/\" target=\"_blank\" aria-label=\"iswa\" rel=\"noopener noreferrer\"><img decoding=\"async\" width=\"368\" height=\"150\" src=\"https:\/\/ukrecoalliance.com.ua\/wp-content\/uploads\/2025\/04\/iswa.png\" data-orig-src=\"https:\/\/ukrecoalliance.com.ua\/wp-content\/uploads\/2025\/04\/iswa.png\" alt class=\"lazyload img-responsive wp-image-6192\" srcset=\"data:image\/svg+xml,%3Csvg%20xmlns%3D%27http%3A%2F%2Fwww.w3.org%2F2000%2Fsvg%27%20width%3D%27368%27%20height%3D%27150%27%20viewBox%3D%270%200%20368%20150%27%3E%3Crect%20width%3D%27368%27%20height%3D%27150%27%20fill-opacity%3D%220%22%2F%3E%3C%2Fsvg%3E\" data-srcset=\"https:\/\/ukrecoalliance.com.ua\/wp-content\/uploads\/2025\/04\/iswa-200x82.png 200w, https:\/\/ukrecoalliance.com.ua\/wp-content\/uploads\/2025\/04\/iswa.png 368w\" data-sizes=\"auto\" data-orig-sizes=\"(max-width: 800px) 100vw, 368px\" \/><\/a><\/span><\/div><\/div><\/div><div class=\"fusion-layout-column fusion_builder_column_inner fusion-builder-nested-column-4 fusion_builder_column_inner_1_3 1_3 fusion-flex-column\" style=\"--awb-bg-size:cover;--awb-width-large:33.333333333333%;--awb-margin-top-large:50px;--awb-spacing-right-large:5.76%;--awb-margin-bottom-large:0px;--awb-spacing-left-large:5.76%;--awb-width-medium:33.333333333333%;--awb-order-medium:0;--awb-spacing-right-medium:5.76%;--awb-spacing-left-medium:5.76%;--awb-width-small:100%;--awb-order-small:0;--awb-spacing-right-small:1.92%;--awb-spacing-left-small:1.92%;\" data-scroll-devices=\"small-visibility,medium-visibility,large-visibility\"><div class=\"fusion-column-wrapper fusion-column-has-shadow fusion-flex-justify-content-flex-start fusion-content-layout-column\"><div class=\"fusion-image-element \" style=\"--awb-caption-title-font-family:var(--h2_typography-font-family);--awb-caption-title-font-weight:var(--h2_typography-font-weight);--awb-caption-title-font-style:var(--h2_typography-font-style);--awb-caption-title-size:var(--h2_typography-font-size);--awb-caption-title-transform:var(--h2_typography-text-transform);--awb-caption-title-line-height:var(--h2_typography-line-height);--awb-caption-title-letter-spacing:var(--h2_typography-letter-spacing);\"><span class=\" fusion-imageframe imageframe-none imageframe-5 hover-type-none\" style=\"border:1px solid var(--awb-color3);\"><a class=\"fusion-no-lightbox\" href=\"https:\/\/www.mdi.org.ua\/\" target=\"_blank\" aria-label=\"institute\" rel=\"noopener noreferrer\"><img decoding=\"async\" width=\"368\" height=\"150\" src=\"https:\/\/ukrecoalliance.com.ua\/wp-content\/uploads\/2025\/04\/institute.png\" data-orig-src=\"https:\/\/ukrecoalliance.com.ua\/wp-content\/uploads\/2025\/04\/institute.png\" alt class=\"lazyload img-responsive wp-image-6193\" srcset=\"data:image\/svg+xml,%3Csvg%20xmlns%3D%27http%3A%2F%2Fwww.w3.org%2F2000%2Fsvg%27%20width%3D%27368%27%20height%3D%27150%27%20viewBox%3D%270%200%20368%20150%27%3E%3Crect%20width%3D%27368%27%20height%3D%27150%27%20fill-opacity%3D%220%22%2F%3E%3C%2Fsvg%3E\" data-srcset=\"https:\/\/ukrecoalliance.com.ua\/wp-content\/uploads\/2025\/04\/institute-200x82.png 200w, https:\/\/ukrecoalliance.com.ua\/wp-content\/uploads\/2025\/04\/institute.png 368w\" data-sizes=\"auto\" data-orig-sizes=\"(max-width: 800px) 100vw, 368px\" \/><\/a><\/span><\/div><\/div><\/div><div class=\"fusion-layout-column fusion_builder_column_inner fusion-builder-nested-column-5 fusion_builder_column_inner_1_3 1_3 fusion-flex-column\" style=\"--awb-bg-size:cover;--awb-width-large:33.333333333333%;--awb-margin-top-large:50px;--awb-spacing-right-large:5.76%;--awb-margin-bottom-large:0px;--awb-spacing-left-large:5.76%;--awb-width-medium:33.333333333333%;--awb-order-medium:0;--awb-spacing-right-medium:5.76%;--awb-spacing-left-medium:5.76%;--awb-width-small:100%;--awb-order-small:0;--awb-spacing-right-small:1.92%;--awb-spacing-left-small:1.92%;\" data-scroll-devices=\"small-visibility,medium-visibility,large-visibility\"><div class=\"fusion-column-wrapper fusion-column-has-shadow fusion-flex-justify-content-flex-start fusion-content-layout-column\"><div class=\"fusion-image-element \" style=\"--awb-caption-title-font-family:var(--h2_typography-font-family);--awb-caption-title-font-weight:var(--h2_typography-font-weight);--awb-caption-title-font-style:var(--h2_typography-font-style);--awb-caption-title-size:var(--h2_typography-font-size);--awb-caption-title-transform:var(--h2_typography-text-transform);--awb-caption-title-line-height:var(--h2_typography-line-height);--awb-caption-title-letter-spacing:var(--h2_typography-letter-spacing);\"><span class=\" fusion-imageframe imageframe-none imageframe-6 hover-type-none\" style=\"border:1px solid var(--awb-color3);\"><a class=\"fusion-no-lightbox\" href=\"https:\/\/www.iec-expo.com.ua\/kt-2025.html?fbclid=IwY2xjawJFIRlleHRuA2FlbQIxMAABHaCeisKz27seCuy94UYKYxvHz88nuLc7ffSLB1mrVRhyc8oCIeqXJ8IYcA_aem_sxDj4MxwoyFUuYrNcz_cWw\" target=\"_blank\" aria-label=\"komunteh\" rel=\"noopener noreferrer\"><img decoding=\"async\" width=\"368\" height=\"150\" src=\"https:\/\/ukrecoalliance.com.ua\/wp-content\/uploads\/2025\/04\/komunteh.png\" data-orig-src=\"https:\/\/ukrecoalliance.com.ua\/wp-content\/uploads\/2025\/04\/komunteh.png\" alt class=\"lazyload img-responsive wp-image-6194\" srcset=\"data:image\/svg+xml,%3Csvg%20xmlns%3D%27http%3A%2F%2Fwww.w3.org%2F2000%2Fsvg%27%20width%3D%27368%27%20height%3D%27150%27%20viewBox%3D%270%200%20368%20150%27%3E%3Crect%20width%3D%27368%27%20height%3D%27150%27%20fill-opacity%3D%220%22%2F%3E%3C%2Fsvg%3E\" data-srcset=\"https:\/\/ukrecoalliance.com.ua\/wp-content\/uploads\/2025\/04\/komunteh-200x82.png 200w, https:\/\/ukrecoalliance.com.ua\/wp-content\/uploads\/2025\/04\/komunteh.png 368w\" data-sizes=\"auto\" data-orig-sizes=\"(max-width: 800px) 100vw, 368px\" \/><\/a><\/span><\/div><\/div><\/div><\/div><\/div><\/div><\/div><\/div><\/p>\n","protected":false},"excerpt":{"rendered":"","protected":false},"author":1,"featured_media":0,"parent":0,"menu_order":0,"comment_status":"closed","ping_status":"closed","template":"100-width.php","meta":{"_acf_changed":false,"footnotes":""},"class_list":["post-6180","page","type-page","status-publish","hentry"],"acf":[],"_links":{"self":[{"href":"https:\/\/ukrecoalliance.com.ua\/de\/wp-json\/wp\/v2\/pages\/6180","targetHints":{"allow":["GET"]}}],"collection":[{"href":"https:\/\/ukrecoalliance.com.ua\/de\/wp-json\/wp\/v2\/pages"}],"about":[{"href":"https:\/\/ukrecoalliance.com.ua\/de\/wp-json\/wp\/v2\/types\/page"}],"author":[{"embeddable":true,"href":"https:\/\/ukrecoalliance.com.ua\/de\/wp-json\/wp\/v2\/users\/1"}],"replies":[{"embeddable":true,"href":"https:\/\/ukrecoalliance.com.ua\/de\/wp-json\/wp\/v2\/comments?post=6180"}],"version-history":[{"count":0,"href":"https:\/\/ukrecoalliance.com.ua\/de\/wp-json\/wp\/v2\/pages\/6180\/revisions"}],"wp:attachment":[{"href":"https:\/\/ukrecoalliance.com.ua\/de\/wp-json\/wp\/v2\/media?parent=6180"}],"curies":[{"name":"wp","href":"https:\/\/api.w.org\/{rel}","templated":true}]}}